{"id":115,"date":"2026-01-09T17:30:38","date_gmt":"2026-01-09T17:30:38","guid":{"rendered":"https:\/\/colegiomariacurie.com.mx\/?page_id=115"},"modified":"2026-03-09T17:06:03","modified_gmt":"2026-03-09T17:06:03","slug":"one-page-express","status":"publish","type":"page","link":"https:\/\/colegiomariacurie.com.mx\/","title":{"rendered":"Inicio"},"content":{"rendered":"<div  data-label=\"bloques inicio 1\" data-id=\"stripped-features-overlapped-icons-section\" data-category=\"overlapable\" class=\"features-overlapped-icons-section stripped-features-overlapped-icons-section\" data-overlap=\"true\" id=\"bloques-inicio-1\" style=\"background-color: rgb(255, 255, 255);\"> <div  class=\"gridContainer\"> <div  class=\"features-overlapped-icons-featuresrow flexbox-list\" data-type=\"row\"> <div  class=\"features-large-icons-featcol cp3cols cp6cols-tablet\"> <div  class=\"features-overlapped-icons-featinnerrow\"> <div  class=\"features-icon-container\"><i  data-cp-fa=\"true\" class=\"font-icon-features-icon-container fa fa-graduation-cap\"><\/i> <\/div>\t<div  data-type=\"column\" class=\"\">  <h4  class=\"\">Modelo Educativo<\/h4><p  class=\"\">Formaci\u00f3n acad\u00e9mica integral con valores &nbsp;y acompa\u00f1amiento educativo cercano.<\/p> <i  class=\"fa cp-icon fa6 fa-graduation-cap\"><\/i><\/div><\/div> <\/div> <div  class=\"features-large-icons-featcol cp3cols cp6cols-tablet\"> <div  class=\"features-overlapped-icons-featinnerrow\"> <div  class=\"features-icon-container\"><i  data-cp-fa=\"true\" class=\"font-icon-features-icon-container fa fa-heart\"><\/i> <\/div>\t<div  data-type=\"column\" class=\"\"> <h4  class=\"\">Formaci\u00f3n en Valores<\/h4> <p  class=\"\">Educamos desde la fe promoviendo respeto solidaridad compromiso y comunitario.<\/p> <i  class=\"fa cp-icon fa6 fa-heart\"><\/i><\/div><\/div> <\/div> <div  class=\"features-large-icons-featcol cp3cols cp6cols-tablet\"> <div  class=\"features-overlapped-icons-featinnerrow\"> <div  class=\"features-icon-container\"><i  data-cp-fa=\"true\" class=\"font-icon-features-icon-container fa fa-check-circle\"><\/i> <\/div>\t<div  data-type=\"column\" class=\"\"> <h4  class=\"\">Desarrollo Integral<\/h4> <p  class=\"\">Actividades acad\u00e9micas art\u00edsticas deportivas fortalecen cuerpo mente esp\u00edritu y desarrollo.<\/p> <i  class=\"fa cp-icon fa6 fa-check-circle\"><\/i><\/div><\/div> <\/div> <div  class=\"features-large-icons-featcol cp3cols cp6cols-tablet\"> <div  class=\"features-overlapped-icons-featinnerrow\"> <div  class=\"features-icon-container\"><i  data-cp-fa=\"true\" class=\"font-icon-features-icon-container fa fa-child\"><\/i> <\/div>\t<div  data-type=\"column\" class=\"\"> <h4  class=\"\">Comunidad Educativa<\/h4> <p  class=\"\">Ambiente seguro cercano une familias docentes alumnos y comunidad educativa.<\/p> <i  class=\"fa cp-icon fa6 fa-child\"><\/i><\/div><\/div> <\/div> <\/div> <\/div><\/div><div  data-label=\"Overlapable\" data-id=\"stripped-features-image-cards-section\" data-category=\"overlapable\" data-=\"\" class=\"features-image-cards-section stripped-features-image-cards-section\" data-overlap=\"true\" id=\"overlapable-3\" style=\"background-color: rgb(246, 246, 246);\"> <div  class=\"gridContainer\"> <div  class=\"features-image-cards-innerrow flexbox-list\" data-type=\"row\">  <div  class=\"features-image-cards-cardcol cp6cols-tablet cp12cols\"> <div  class=\"features-image-cards-cardrow\"><img  decoding=\"async\" class=\"features-image-cards-featimg\" src=\"https:\/\/colegiomariacurie.com.mx\/wp-content\/uploads\/2026\/02\/Invitacion-bodas-scaled.jpg\" alt=\"\"> <div  class=\"features-image-cards-cardtextrow\" data-type=\"column\"> <h4  class=\"\">Formulario de Registro<\/h4> <p  class=\"\">Da click en el siguiente enlace para poder completar tu registro, al dar click te redireccionar\u00e1 al fomrulario en Google forms dentro del cual tiene la informacion completa del evento y los pasos a seguir.\n<br >Es importante que sigas cada uno de ellos y llenes el formulario correctamente.<\/p> <hr  class=\"features-image-cards-separator\"> <a  class=\"button blue\" href=\"https:\/\/docs.google.com\/forms\/d\/e\/1FAIpQLSfgUcJltsc4kZAQztKFyhuhhbbI967RSmp7KXmJU1eSZzRSPQ\/viewform\" target=\"_blank\">Ll\u00e9vame al formulario<\/a><\/div> <\/div> <\/div>  <div  class=\"features-image-cards-cardcol cp6cols-tablet cp12cols\"> <div  class=\"features-image-cards-cardrow\"><img  decoding=\"async\" class=\"features-image-cards-featimg\" src=\"https:\/\/colegiomariacurie.com.mx\/wp-content\/uploads\/2026\/03\/Escuela-para-padres.jpg\" alt=\"\"> <div  class=\"features-image-cards-cardtextrow\" data-type=\"column\"> <h4  class=\"\">Escuela para Padres<\/h4> <p  class=\"\">Queridos pap\u00e1s, los esperamos este pr\u00f3ximo mi\u00e9rcoles 11 de marzo a las 8:00am en el auditorio de la escuela.<\/p> <hr  class=\"features-image-cards-separator\"> <a  class=\"button blue\" href=\"https:\/\/colegiomariacurie.com.mx\/wp-content\/uploads\/2026\/03\/Video-Escuela-para-padres-11-marzo.mp4\" target=\"_blank\">Ver video invitaci\u00f3n<\/a><\/div> <\/div> <\/div><\/div> <\/div><\/div><div  id=\"about-1\" style=\"background-color: #f6f6f6;\" data-label=\"About\" data-id=\"about-big-images-section\" data-category=\"about\" class=\"about-big-images-section\"> <div  class=\"gridContainer\"> <div  class=\"about-big-images-textrow\"> <div  class=\"about-big-images-textcol dynamic-color\" data-type=\"column\"> <h5  class=\"\">APRENDIZAJE CON PROP\u00d3SITO<\/h5> <h3  class=\"\">Educaci\u00f3n que forma personas con <span  href=\"#\" class=\"span25\">fe, conocimiento y compromiso.<\/span><\/h3> <p  class=\"\">En el Colegio Mar\u00eda Curie de M\u00e9xico ofrecemos una educaci\u00f3n integral inspirada en los valores cristianos, donde el aprendizaje acad\u00e9mico se une a la formaci\u00f3n humana y espiritual. Acompa\u00f1amos a cada alumno en su desarrollo intelectual, emocional y trascendente, reconociendo la dignidad de la persona y su vocaci\u00f3n al servicio.<\/p> <a  class=\"button blue big\" href=\"#\" target=\"_self\">Conoce nuestra misi\u00f3n y visi\u00f3n<\/a> <\/div> <\/div> <\/div> <div  class=\"about-big-images-bottomrow\"> <div  class=\"about-big-images-leftimgcol\"><img  decoding=\"async\" class=\"about-big-images-leftimg\" src=\"https:\/\/colegiomariacurie.com.mx\/wp-content\/uploads\/2026\/01\/jardin1-scaled.jpg\" alt=\"\"> <\/div> <div  class=\"about-big-images-centerimgcol\"><img  decoding=\"async\" class=\"about-big-images-centerimg\" src=\"https:\/\/colegiomariacurie.com.mx\/wp-content\/uploads\/2026\/01\/patio-3-scaled.jpg\" alt=\"\"> <\/div> <div  class=\"about-big-images-rightimgcol\"><img  decoding=\"async\" class=\"about-big-images-rightimg\" src=\"https:\/\/colegiomariacurie.com.mx\/wp-content\/uploads\/2026\/01\/jardin-scaled.jpg\" alt=\"\"> <\/div> <\/div> <\/div><div  id=\"content-4\" style=\"background-color: #f6f6f6;\" data-label=\"Content\" data-id=\"content-image-right\" data-category=\"content\" class=\"content-right-image-section\"> <div  class=\"gridContainer\"> <div  class=\"content-right-image-gridcol\"> <div  class=\"content-right-image-textcol dynamic-color\" data-type=\"column\"> <h2  class=\"\">Una comunidad educativa basada en la fe, el respeto y el compromiso<\/h2> <p  class=\"large_text\">Creemos en una educaci\u00f3n que se vive en comunidad. Familia y escuela colaboran para ofrecer un entorno cercano, seguro y formativo, donde los valores cristianos se traducen en acciones cotidianas que fortalecen la convivencia, la solidaridad y el sentido de servicio.<\/p> <a  class=\"button blue\" href=\"#\" target=\"_self\"> Habla con un asesor <\/a> <\/div> <div  class=\"content-right-image-imgcol\" data-type=\"column\"> <img  decoding=\"async\" src=\"https:\/\/colegiomariacurie.com.mx\/wp-content\/uploads\/2026\/01\/patio1-scaled.jpg\" class=\"\" alt=\"\"> <\/div> <\/div> <\/div> <\/div><div  id=\"portfolio-2\" style=\"background-color: #ffffff;\" data-label=\"Portfolio\" data-id=\"portfolio-full-section\" data-category=\"portfolio\"> <div  class=\"portfolio-full-section\" data-type=\"row\"> <div  class=\"portfolio-full-projectco cp4cols-tablet cp3cols\"> <div  class=\"contentswap-effect ContentSwap103\" hover-fx=\"ContentSwap103\" id=\"ContentSwap103\"> <div  class=\"ContentSwap103_content initial-image\"><img  decoding=\"async\" class=\"portfolio-full-projectimg\" data-size=\"1200x800\" src=\"https:\/\/colegiomariacurie.com.mx\/wp-content\/uploads\/2026\/01\/cropped-jardin1-scaled-2.jpg\"> <\/div> <div  class=\"overlay\" style=\"display: block; opacity: 1;\"><\/div> <div  class=\"swap-inner\" style=\"opacity: 1; display: block;\"> <div  class=\"ContentSwap103-center\"> <h4  class=\"protfolio-full-itemtitle\">PREESCOLAR<\/h4><a  class=\"button yellow\" href=\"#\" target=\"_blank\">Cont\u00e1ctanos por Preescolar<\/a> <\/div> <\/div> <\/div> <\/div> <div  class=\"portfolio-full-projectco cp4cols-tablet cp3cols\"> <div  class=\"contentswap-effect ContentSwap103\" hover-fx=\"ContentSwap103\" id=\"ContentSwap103\" is-hovered=\"1\"> <div  class=\"ContentSwap103_content initial-image\"><img  decoding=\"async\" class=\"portfolio-full-projectimg\" data-size=\"1200x800\" src=\"https:\/\/colegiomariacurie.com.mx\/wp-content\/uploads\/2026\/01\/cropped-patio1-scaled-1.jpg\"> <\/div> <div  class=\"overlay\" style=\"display: block; opacity: 1;\"><\/div> <div  class=\"swap-inner\" style=\"opacity: 1; display: block;\"> <div  class=\"ContentSwap103-center\"> <h4  class=\"protfolio-full-itemtitle\">PRIMARIA<\/h4><a  class=\"button yellow\" href=\"#\" target=\"_self\">Cont\u00e1ctanos por Primaria<\/a> <\/div> <\/div> <\/div> <\/div> <div  class=\"portfolio-full-projectco cp4cols-tablet cp3cols\"> <div  class=\"contentswap-effect ContentSwap103\" hover-fx=\"ContentSwap103\" id=\"ContentSwap103\" is-hovered=\"1\"> <div  class=\"ContentSwap103_content initial-image\"><img  decoding=\"async\" class=\"portfolio-full-projectimg\" data-size=\"1200x800\" src=\"https:\/\/colegiomariacurie.com.mx\/wp-content\/uploads\/2026\/01\/cropped-cropped-patio3-scaled-1.jpg\"> <\/div> <div  class=\"overlay\" style=\"display: block; opacity: 1;\"><\/div> <div  class=\"swap-inner\" style=\"opacity: 1; display: block;\"> <div  class=\"ContentSwap103-center\"> <h4  class=\"protfolio-full-itemtitle\">SECUNDARIA<\/h4><a  class=\"button yellow\" href=\"#\" target=\"_self\">Cont\u00e1ctanos por Secundaria<\/a> <\/div> <\/div> <\/div> <\/div><div  class=\"portfolio-full-projectco cp4cols-tablet cp3cols\"> <div  class=\"contentswap-effect ContentSwap103\" hover-fx=\"ContentSwap103\" id=\"ContentSwap103\"> <div  class=\"ContentSwap103_content initial-image\"><img  decoding=\"async\" class=\"portfolio-full-projectimg\" data-size=\"1200x800\" src=\"https:\/\/colegiomariacurie.com.mx\/wp-content\/uploads\/2026\/01\/cropped-cropped-patio-3-scaled-1.jpg\"> <\/div> <div  class=\"overlay\" style=\"display: block; opacity: 1;\"><\/div> <div  class=\"swap-inner\" style=\"opacity: 1; display: block;\"> <div  class=\"ContentSwap103-center\"> <h4  class=\"protfolio-full-itemtitle\">BACHILLERATO<\/h4><a  class=\"button yellow\" href=\"#\" target=\"_self\">Cont\u00e1ctanos por Bachillerato<\/a> <\/div> <\/div> <\/div> <\/div><\/div><\/div><div  id=\"testimonials-1\" style=\"background-color: #f6f6f6;\" data-label=\"Testimonials\" data-id=\"testimonials-boxed-section\" data-category=\"testimonials\" class=\"testimonials-boxed-section\"> <div  class=\"gridContainer\"> <div  class=\"testimonials-boxed-textcol dynamic-color\" data-type=\"column\"> <h2  class=\"\">La experiencia de aprender en el Colegio Mar\u00eda Curie de M\u00e9xico<\/h2> <p  class=\"\">Nuestros alumnos viven d\u00eda a d\u00eda una educaci\u00f3n que los forma no solo en conocimientos, sino en valores, responsabilidad y sentido de vida. Estas son algunas de sus voces.<\/p> <\/div> <div  class=\"testimonials-boxed-itemsrow dark-text\" data-type=\"row\"> <div  class=\"testimonials-boxed-itemcol cp4cols cp6cols-tablet\"> <div  class=\"testimonials-boxed-itemcard\" data-type=\"column\"> <h4  class=\"testimonials-boxed-itemtext\">\u201cMe gusta mi escuela porque mis maestros me ense\u00f1an con paciencia y nos ayudan a ser mejores personas y aprendo.\u201d<\/h4><img  decoding=\"async\" class=\"testimonials-boxed-itemimg\" data-size=\"500x500\" src=\"https:\/\/colegiomariacurie.com.mx\/wp-content\/uploads\/2026\/01\/cropped-Kid1.png\" alt=\"\"> <h5  class=\"testimonials-boxed-itemname\">Valeria G\u00f3mez<\/h5> <h6  class=\"testimonials-boxed-itempos\">Primaria<\/h6> <\/div> <\/div> <div  class=\"testimonials-boxed-itemcol cp4cols cp6cols-tablet\"> <div  class=\"testimonials-boxed-itemcard\" data-type=\"column\"> <h4  class=\"testimonials-boxed-itemtext\">\u201cEn el colegio he aprendido a pensar, a trabajar en equipo y a confiar en m\u00ed. Me preparan para el futuro sin olvidar los valores.\u201d<\/h4><img  decoding=\"async\" class=\"testimonials-boxed-itemimg\" data-size=\"500x500\" src=\"https:\/\/colegiomariacurie.com.mx\/wp-content\/uploads\/2026\/01\/cropped-Kid2.png\" alt=\"\"> <h5  class=\"testimonials-boxed-itemname\">Daniel Hern\u00e1ndez<\/h5> <h6  class=\"testimonials-boxed-itempos\">Secundaria<\/h6> <\/div> <\/div> <div  class=\"testimonials-boxed-itemcol cp4cols cp6cols-tablet\"> <div  class=\"testimonials-boxed-itemcard\" data-type=\"column\"> <h4  class=\"testimonials-boxed-itemtext\">\u201cEl Colegio Mar\u00eda Curie me ayud\u00f3 a crecer acad\u00e9mica y personalmente. Me voy con bases firmes, fe y confianza para lo que sigue.\u201d<\/h4><img  decoding=\"async\" class=\"testimonials-boxed-itemimg\" data-size=\"500x500\" src=\"https:\/\/colegiomariacurie.com.mx\/wp-content\/uploads\/2026\/01\/cropped-Kid3.png\" alt=\"\"> <h5  class=\"testimonials-boxed-itemname\">Mariana L\u00f3pez<\/h5> <h6  class=\"testimonials-boxed-itempos\">Bachillerato<\/h6> <\/div> <\/div> <\/div> <\/div><\/div><div  id=\"cta-1\" data-label=\"Call to action\" data-id=\"cta-blue-section\" data-category=\"cta\" class=\"cta-blue-section\"> <div  class=\"gridContainer\"> <div  class=\"flexbox-list flexbox-list-align-center row\"> <div  class=\"cta-blue-textcol dynamic-color\"> <h2  class=\"cta-blue-text\"><b  class=\"element2\">Formar hoy&nbsp;<\/b>a quienes transformar\u00e1n el ma\u00f1ana.<\/h2> <\/div> <div  class=\"cta-blue-btncol\"> <a  class=\"button big yellow dark-text\" href=\"#\" target=\"_self\"> Agenda una cita con nosotros <\/a> <\/div> <\/div> <\/div> <\/div><div  id=\"team-1\" style=\"background-color: #ffffff;\" data-label=\"Team\" data-id=\"team-colors-section\" data-category=\"team\" class=\"team-colors-section\"> <div  class=\"gridContainer\"> <div  class=\"team-colors-textcol dynamic-color\"> <h2 >Un acompa\u00f1amiento cercano en cada nivel educativo<\/h2> <p  class=\"\">Cada secci\u00f3n del colegio cuenta con liderazgo comprometido, cercano y alineado con nuestra misi\u00f3n educativa y pastoral.<\/p> <\/div> <div  class=\"team-colors-membersrow dark-text\" data-type=\"row\"> <div  class=\"team-colors-membercol cp3cols cp6cols-tablet\"> <div  class=\"team-colors-membercard\"> <div  class=\"team-colors-background\"><\/div> <div  class=\"team-colors-memberinfo\" data-type=\"column\"><img  decoding=\"async\" class=\"team-colors-memberimg\" data-size=\"500x500\" src=\"https:\/\/colegiomariacurie.com.mx\/wp-content\/uploads\/2026\/01\/cropped-Maestra1.png\" alt=\"\"> <h4  class=\"team-colors-membername\">Adriana<\/h4> <p  class=\"team-colors-memberposition\">Directora de Preescolar<\/p> <p  class=\"\">\u201cGuiamos a los peque\u00f1os con amor, respeto y alegr\u00eda en sus primeros aprendizajes.\u201d<\/p> <hr  class=\"team-colors-separator\"> <\/div> <div  class=\"team-colors-membericons\" data-type=\"group\"> <a  href=\"#\" target=\"_self\" data-reiki-hidden=\"true\"><i  data-cp-fa=\"true\" class=\"team-colors-icon fa fa-linkedin\"><\/i><\/a> <a  href=\"#\" target=\"_self\" data-reiki-hidden=\"true\"><i  data-cp-fa=\"true\" class=\"fa team-colors-icon fa-twitter\"><\/i><\/a> <a  href=\"#\" target=\"_self\" data-reiki-hidden=\"true\"><i  data-cp-fa=\"true\" class=\"fa team-colors-icon fa-dribbble\"><\/i><\/a> <\/div> <\/div> <\/div> <div  class=\"team-colors-membercol cp3cols cp6cols-tablet\"> <div  class=\"team-colors-membercard\"> <div  class=\"team-colors-background\"><\/div> <div  class=\"team-colors-memberinfo\" data-type=\"column\"><img  decoding=\"async\" class=\"team-colors-memberimg\" data-size=\"500x500\" src=\"https:\/\/colegiomariacurie.com.mx\/wp-content\/uploads\/2026\/01\/cropped-Maestra2-1.png\" alt=\"\"> <h4  class=\"team-colors-membername\">Norma<\/h4> <p  class=\"team-colors-memberposition\">Directora de Primaria<\/p> <p  class=\"\">\u201cFormamos bases s\u00f3lidas en conocimientos, valores y convivencia escolar.\u201d<\/p> <hr  class=\"team-colors-separator\"> <\/div> <div  class=\"team-colors-membericons\" data-type=\"group\"> <a  href=\"#\" target=\"_self\" data-reiki-hidden=\"true\"><i  data-cp-fa=\"true\" class=\"team-colors-icon fa fa-linkedin\"><\/i><\/a> <a  href=\"#\" target=\"_self\" data-reiki-hidden=\"true\"><i  data-cp-fa=\"true\" class=\"fa team-colors-icon fa-twitter\"><\/i><\/a> <a  href=\"#\" target=\"_self\" data-reiki-hidden=\"true\"><i  data-cp-fa=\"true\" class=\"fa team-colors-icon fa-dribbble\"><\/i><\/a> <\/div> <\/div> <\/div> <div  class=\"team-colors-membercol cp3cols cp6cols-tablet\"> <div  class=\"team-colors-membercard\"> <div  class=\"team-colors-background\"><\/div> <div  class=\"team-colors-memberinfo\" data-type=\"column\"><img  decoding=\"async\" class=\"team-colors-memberimg\" data-size=\"500x500\" src=\"https:\/\/colegiomariacurie.com.mx\/wp-content\/uploads\/2026\/01\/cropped-Maestra3.png\" alt=\"\"> <h4  class=\"team-colors-membername\">Bety<\/h4> <p  class=\"team-colors-memberposition\">Directora de Secundaria<\/p> <p  class=\"\">\u201cGuiamos a los adolescentes con firmeza y cercan\u00eda en una etapa clave de su vida.\u201d<\/p> <hr  class=\"team-colors-separator\"> <\/div> <div  class=\"team-colors-membericons\" data-type=\"group\"> <a  href=\"#\" target=\"_self\" data-reiki-hidden=\"true\"><i  data-cp-fa=\"true\" class=\"team-colors-icon fa fa-linkedin\"><\/i><\/a> <a  href=\"#\" target=\"_self\" data-reiki-hidden=\"true\"><i  data-cp-fa=\"true\" class=\"fa team-colors-icon fa-twitter\"><\/i><\/a> <a  href=\"#\" target=\"_self\" data-reiki-hidden=\"true\"><i  data-cp-fa=\"true\" class=\"fa team-colors-icon fa-dribbble\"><\/i><\/a> <\/div> <\/div> <\/div> <div  class=\"team-colors-membercol cp3cols cp6cols-tablet\"> <div  class=\"team-colors-membercard\"> <div  class=\"team-colors-background\"><\/div> <div  class=\"team-colors-memberinfo\" data-type=\"column\"><img  decoding=\"async\" class=\"team-colors-memberimg\" data-size=\"500x500\" src=\"https:\/\/colegiomariacurie.com.mx\/wp-content\/uploads\/2026\/01\/cropped-Maestra4.png\" alt=\"\"> <h4  class=\"team-colors-membername\">Miriam<\/h4> <p  class=\"team-colors-memberposition\">Directora de Bachillerato<\/p> <p  class=\"\">\u201cPreparamos j\u00f3venes responsables &nbsp;y comprometidos con su futuro y su fe.\u201d<\/p> <hr  class=\"team-colors-separator\"> <\/div> <div  class=\"team-colors-membericons\" data-type=\"group\"> <a  href=\"#\" target=\"_self\" data-reiki-hidden=\"true\"><i  data-cp-fa=\"true\" class=\"team-colors-icon fa fa-linkedin\"><\/i><\/a> <a  href=\"#\" target=\"_self\" data-reiki-hidden=\"true\"><i  data-cp-fa=\"true\" class=\"fa team-colors-icon fa-twitter\"><\/i><\/a> <a  href=\"#\" target=\"_self\" data-reiki-hidden=\"true\"><i  data-cp-fa=\"true\" class=\"fa team-colors-icon fa-dribbble\"><\/i><\/a> <\/div> <\/div> <\/div> <\/div> <\/div><\/div><div  id=\"numbers\" data-label=\"Numbers\" data-id=\"numbers-section\" data-category=\"numbers\" data-bg=\"transparent\" class=\"numbers-section\" data-parallax-depth=\"20\"> <div  class=\"gridContainer dynamic-color\"> <div  class=\"numbers-itemcol\"> <h2  class=\"numbers-numbertext\">+60<\/h2> <h3  class=\"numbers-titletext\">Docentes&nbsp;&nbsp;Activos<\/h3> <\/div> <div  class=\"numbers-itemcol\"> <h2  class=\"numbers-numbertext\">+3,500<\/h2> <h3  class=\"numbers-titletext\">Alumnos Egresados<\/h3> <\/div> <div  class=\"numbers-itemcol-last\"> <h2  class=\"numbers-numbertext\">+60<\/h2> <h3  class=\"numbers-titletext\">A\u00f1os Educando<\/h3> <\/div> <\/div><\/div><div  id=\"contact-4\" data-label=\"Contact\" data-id=\"contact-section\" data-category=\"contact\" data-bg=\"transparent\" class=\"contact-section-formsection white-text\"> <div  class=\"gridContainer\"> <div  class=\"row_224\"> <div  class=\"contact-textrow\"> <div  class=\"contact-textcol dynamic-color\"> <h2  class=\"\">Fieles al deber.<\/h2> <p  class=\"white_text\">En el Colegio Mar\u00eda Curie de M\u00e9xico no solo formamos estudiantes, formamos personas conscientes de su dignidad, preparadas para servir, pensar y actuar con responsabilidad. Aqu\u00ed, la fe inspira, el conocimiento fortalece y la comunidad acompa\u00f1a cada paso del camino educativo. Elegirnos es confiar en una educaci\u00f3n que deja huella para toda la vida.<\/p> <\/div> <\/div> <\/div> <div  class=\"contact-formcol\" data-content-shortcode=\"one_page_express_contact_form shortcode=&quot;contacto@colegiomariacurie.com.mx&quot;\" data-editable=\"true\">[contacto@colegiomariacurie.com.mx]<\/div> <\/div><\/div>","protected":false},"excerpt":{"rendered":"<p>Modelo EducativoFormaci\u00f3n acad\u00e9mica integral con valores &nbsp;y acompa\u00f1amiento educativo cercano. Formaci\u00f3n en Valores Educamos desde la fe promoviendo respeto solidaridad compromiso y comunitario. Desarrollo Integral Actividades acad\u00e9micas art\u00edsticas deportivas fortalecen cuerpo mente esp\u00edritu y desarrollo. Comunidad Educativa Ambiente seguro cercano une familias docentes alumnos y comunidad educativa. Formulario de Registro Da click en el siguiente&hellip; <br \/> <a class=\"button small blue\" href=\"https:\/\/colegiomariacurie.com.mx\/?p=1\">Read more<\/a><\/p>\n","protected":false},"author":1,"featured_media":0,"parent":0,"menu_order":0,"comment_status":"closed","ping_status":"closed","template":"","meta":{"footnotes":""},"class_list":["post-115","page","type-page","status-publish","hentry"],"_links":{"self":[{"href":"https:\/\/colegiomariacurie.com.mx\/index.php?rest_route=\/wp\/v2\/pages\/115","targetHints":{"allow":["GET"]}}],"collection":[{"href":"https:\/\/colegiomariacurie.com.mx\/index.php?rest_route=\/wp\/v2\/pages"}],"about":[{"href":"https:\/\/colegiomariacurie.com.mx\/index.php?rest_route=\/wp\/v2\/types\/page"}],"author":[{"embeddable":true,"href":"https:\/\/colegiomariacurie.com.mx\/index.php?rest_route=\/wp\/v2\/users\/1"}],"replies":[{"embeddable":true,"href":"https:\/\/colegiomariacurie.com.mx\/index.php?rest_route=%2Fwp%2Fv2%2Fcomments&post=115"}],"version-history":[{"count":25,"href":"https:\/\/colegiomariacurie.com.mx\/index.php?rest_route=\/wp\/v2\/pages\/115\/revisions"}],"predecessor-version":[{"id":249,"href":"https:\/\/colegiomariacurie.com.mx\/index.php?rest_route=\/wp\/v2\/pages\/115\/revisions\/249"}],"wp:attachment":[{"href":"https:\/\/colegiomariacurie.com.mx\/index.php?rest_route=%2Fwp%2Fv2%2Fmedia&parent=115"}],"curies":[{"name":"wp","href":"https:\/\/api.w.org\/{rel}","templated":true}]}}