{"id":21,"date":"2025-11-04T22:53:15","date_gmt":"2025-11-04T22:53:15","guid":{"rendered":"https:\/\/colegiomariacurie.com.mx\/?page_id=21"},"modified":"2026-03-09T17:11:52","modified_gmt":"2026-03-09T17:11:52","slug":"preescolar","status":"publish","type":"page","link":"https:\/\/colegiomariacurie.com.mx\/?page_id=21","title":{"rendered":"Preescolar"},"content":{"rendered":"\t\t<div data-elementor-type=\"wp-page\" data-elementor-id=\"21\" class=\"elementor elementor-21\">\n\t\t\t\t<div class=\"elementor-element elementor-element-9f71bf2 e-flex e-con-boxed e-con e-parent\" data-id=\"9f71bf2\" data-element_type=\"container\" data-e-type=\"container\">\n\t\t\t\t\t<div class=\"e-con-inner\">\n\t\t\t\t<div class=\"elementor-element elementor-element-7ba7dec elementor-pagination-position-inside elementor-widget elementor-widget-image-carousel\" data-id=\"7ba7dec\" data-element_type=\"widget\" data-e-type=\"widget\" data-settings=\"{&quot;slides_to_show&quot;:&quot;1&quot;,&quot;navigation&quot;:&quot;dots&quot;,&quot;autoplay&quot;:&quot;yes&quot;,&quot;pause_on_hover&quot;:&quot;yes&quot;,&quot;pause_on_interaction&quot;:&quot;yes&quot;,&quot;autoplay_speed&quot;:5000,&quot;infinite&quot;:&quot;yes&quot;,&quot;effect&quot;:&quot;slide&quot;,&quot;speed&quot;:500}\" data-widget_type=\"image-carousel.default\">\n\t\t\t\t\t\t\t<div class=\"elementor-image-carousel-wrapper swiper\" role=\"region\" aria-roledescription=\"carousel\" aria-label=\"Carrusel de Im\u00e1genes\" dir=\"ltr\">\n\t\t\t<div class=\"elementor-image-carousel swiper-wrapper\" aria-live=\"off\">\n\t\t\t\t\t\t\t\t<div class=\"swiper-slide\" role=\"group\" aria-roledescription=\"slide\" aria-label=\"1 of 4\"><figure class=\"swiper-slide-inner\"><img decoding=\"async\" class=\"swiper-slide-image\" src=\"https:\/\/colegiomariacurie.com.mx\/wp-content\/uploads\/elementor\/thumbs\/jardin1-scaled-rhf90eg4mahd08zkhujtsrflt0yj3lykxwr17zgl6o.jpg\" alt=\"jardin1\" \/><\/figure><\/div><div class=\"swiper-slide\" role=\"group\" aria-roledescription=\"slide\" aria-label=\"2 of 4\"><figure class=\"swiper-slide-inner\"><img decoding=\"async\" class=\"swiper-slide-image\" src=\"https:\/\/colegiomariacurie.com.mx\/wp-content\/uploads\/elementor\/thumbs\/cropped-patio2-scaled-1-rhj42eeoj5bf9rhtz7w2l0kan5104efg7axnmb0l6o.jpg\" alt=\"patio2\" \/><\/figure><\/div><div class=\"swiper-slide\" role=\"group\" aria-roledescription=\"slide\" aria-label=\"3 of 4\"><figure class=\"swiper-slide-inner\"><img decoding=\"async\" class=\"swiper-slide-image\" src=\"https:\/\/colegiomariacurie.com.mx\/wp-content\/uploads\/elementor\/thumbs\/cropped-jardin1-scaled-1-rhj407g8l2bc6iois9rerkhkqru65tpzwg4vb29npc.jpg\" alt=\"jardin1\" \/><\/figure><\/div><div class=\"swiper-slide\" role=\"group\" aria-roledescription=\"slide\" aria-label=\"4 of 4\"><figure class=\"swiper-slide-inner\"><img decoding=\"async\" class=\"swiper-slide-image\" src=\"https:\/\/colegiomariacurie.com.mx\/wp-content\/uploads\/elementor\/thumbs\/patio2-scaled-rhf8s88n75am2aux7tdlmbobvf8n6cilhgk20dkta8.jpg\" alt=\"patio2\" \/><\/figure><\/div>\t\t\t<\/div>\n\t\t\t\t\t\t\t\n\t\t\t\t\t\t\t\t\t<div class=\"swiper-pagination\"><\/div>\n\t\t\t\t\t\t\t\t\t<\/div>\n\t\t\t\t\t\t<\/div>\n\t\t\t\t<div class=\"elementor-element elementor-element-909b3d6 elementor-widget elementor-widget-text-editor\" data-id=\"909b3d6\" data-element_type=\"widget\" data-e-type=\"widget\" data-widget_type=\"text-editor.default\">\n\t\t\t\t\t\t\t\t\t<p data-start=\"372\" data-end=\"754\">En el Preescolar del Colegio Mar\u00eda Curie de M\u00e9xico, acompa\u00f1amos a nuestros peque\u00f1os desde sus primeros pasos con ternura, curiosidad y un coraz\u00f3n abierto a Dios. Aqu\u00ed cultivamos su asombro por el mundo, fortalecemos su capacidad de amar y respetar, y les ense\u00f1amos a descubrir que cada d\u00eda puede ser una aventura de aprendizaje y servicio.<\/p><p data-start=\"761\" data-end=\"1115\">Nos comprometemos junto con las familias a formar ni\u00f1os integrales: que desarrollen sus habilidades cognitivas, sociales y espirituales, y que crezcan con valores s\u00f3lidos como la honestidad, la gratitud y la solidaridad. Nuestra comunidad educativa en Gustavo A. Madero se convierte en un espacio donde la fe, el aprendizaje y la amistad se entrelazan.<\/p><p style=\"text-align: left;\" data-start=\"1122\" data-end=\"1387\">Invitamos a sus hijos a vivir este primer ciclo con alegr\u00eda, compa\u00f1erismo y confianza; a reconocer que est\u00e1n creados a imagen de Dios y llamados a compartir sus dones. Juntos, haremos del Preescolar un \u00e1mbito que inspire esperanza, creatividad y amor por los dem\u00e1s.<\/p>\t\t\t\t\t\t\t\t<\/div>\n\t\t\t\t\t<\/div>\n\t\t\t\t<\/div>\n\t\t<div class=\"elementor-element elementor-element-7369e9c e-flex e-con-boxed e-con e-parent\" data-id=\"7369e9c\" data-element_type=\"container\" data-e-type=\"container\">\n\t\t\t\t\t<div class=\"e-con-inner\">\n\t\t<div class=\"elementor-element elementor-element-742591e e-con-full e-flex e-con e-child\" data-id=\"742591e\" data-element_type=\"container\" data-e-type=\"container\">\n\t\t\t\t<div class=\"elementor-element elementor-element-6bf2385 elementor-widget elementor-widget-image\" data-id=\"6bf2385\" data-element_type=\"widget\" data-e-type=\"widget\" data-widget_type=\"image.default\">\n\t\t\t\t\t\t\t\t\t\t\t\t\t\t\t<img fetchpriority=\"high\" decoding=\"async\" width=\"1024\" height=\"559\" src=\"https:\/\/colegiomariacurie.com.mx\/wp-content\/uploads\/2025\/11\/Agenda-1024x559.jpg\" class=\"attachment-large size-large wp-image-31\" alt=\"\" srcset=\"https:\/\/colegiomariacurie.com.mx\/wp-content\/uploads\/2025\/11\/Agenda-1024x559.jpg 1024w, https:\/\/colegiomariacurie.com.mx\/wp-content\/uploads\/2025\/11\/Agenda-300x164.jpg 300w, https:\/\/colegiomariacurie.com.mx\/wp-content\/uploads\/2025\/11\/Agenda-768x419.jpg 768w, https:\/\/colegiomariacurie.com.mx\/wp-content\/uploads\/2025\/11\/Agenda.jpg 1408w\" sizes=\"(max-width: 1024px) 100vw, 1024px\" \/>\t\t\t\t\t\t\t\t\t\t\t\t\t\t\t<\/div>\n\t\t\t\t<div class=\"elementor-element elementor-element-73059a5 elementor-align-justify elementor-widget elementor-widget-button\" data-id=\"73059a5\" data-element_type=\"widget\" data-e-type=\"widget\" data-widget_type=\"button.default\">\n\t\t\t\t\t\t\t\t\t\t<a class=\"elementor-button elementor-button-link elementor-size-sm\" href=\"#\">\n\t\t\t\t\t\t<span class=\"elementor-button-content-wrapper\">\n\t\t\t\t\t\t\t\t\t<span class=\"elementor-button-text\">Agenda tu visita<\/span>\n\t\t\t\t\t<\/span>\n\t\t\t\t\t<\/a>\n\t\t\t\t\t\t\t\t<\/div>\n\t\t\t\t<\/div>\n\t\t<div class=\"elementor-element elementor-element-46da3a2 e-con-full e-flex e-con e-child\" data-id=\"46da3a2\" data-element_type=\"container\" data-e-type=\"container\">\n\t\t\t\t<div class=\"elementor-element elementor-element-6f504fc elementor-widget elementor-widget-image\" data-id=\"6f504fc\" data-element_type=\"widget\" data-e-type=\"widget\" data-widget_type=\"image.default\">\n\t\t\t\t\t\t\t\t\t\t\t\t\t\t\t<img decoding=\"async\" width=\"1024\" height=\"559\" src=\"https:\/\/colegiomariacurie.com.mx\/wp-content\/uploads\/2025\/11\/Inscripciones-1024x559.jpg\" class=\"attachment-large size-large wp-image-30\" alt=\"\" srcset=\"https:\/\/colegiomariacurie.com.mx\/wp-content\/uploads\/2025\/11\/Inscripciones-1024x559.jpg 1024w, https:\/\/colegiomariacurie.com.mx\/wp-content\/uploads\/2025\/11\/Inscripciones-300x164.jpg 300w, https:\/\/colegiomariacurie.com.mx\/wp-content\/uploads\/2025\/11\/Inscripciones-768x419.jpg 768w, https:\/\/colegiomariacurie.com.mx\/wp-content\/uploads\/2025\/11\/Inscripciones.jpg 1408w\" sizes=\"(max-width: 1024px) 100vw, 1024px\" \/>\t\t\t\t\t\t\t\t\t\t\t\t\t\t\t<\/div>\n\t\t\t\t<div class=\"elementor-element elementor-element-9c1caae elementor-align-justify elementor-widget elementor-widget-button\" data-id=\"9c1caae\" data-element_type=\"widget\" data-e-type=\"widget\" data-widget_type=\"button.default\">\n\t\t\t\t\t\t\t\t\t\t<a class=\"elementor-button elementor-button-link elementor-size-sm\" href=\"#\">\n\t\t\t\t\t\t<span class=\"elementor-button-content-wrapper\">\n\t\t\t\t\t\t\t\t\t<span class=\"elementor-button-text\">Solicitar informaci\u00f3n<\/span>\n\t\t\t\t\t<\/span>\n\t\t\t\t\t<\/a>\n\t\t\t\t\t\t\t\t<\/div>\n\t\t\t\t<\/div>\n\t\t\t\t\t<\/div>\n\t\t\t\t<\/div>\n\t\t<div class=\"elementor-element elementor-element-0100cac e-flex e-con-boxed e-con e-parent\" data-id=\"0100cac\" data-element_type=\"container\" data-e-type=\"container\">\n\t\t\t\t\t<div class=\"e-con-inner\">\n\t\t\t\t<div class=\"elementor-element elementor-element-96110bb elementor-widget elementor-widget-google_maps\" data-id=\"96110bb\" data-element_type=\"widget\" data-e-type=\"widget\" data-widget_type=\"google_maps.default\">\n\t\t\t\t\t\t\t<div class=\"elementor-custom-embed\">\n\t\t\t<iframe loading=\"lazy\"\n\t\t\t\t\tsrc=\"https:\/\/maps.google.com\/maps?q=Cda.%20Francisco%20Moreno%20136%2C%20Villa%20Gustavo%20A.%20Madero%2C%20Gustavo%20A.%20Madero%2C%2007050%20Ciudad%20de%20M%C3%A9xico%2C%20CDMX&#038;t=m&#038;z=16&#038;output=embed&#038;iwloc=near\"\n\t\t\t\t\ttitle=\"Cda. Francisco Moreno 136, Villa Gustavo A. Madero, Gustavo A. Madero, 07050 Ciudad de M\u00e9xico, CDMX\"\n\t\t\t\t\taria-label=\"Cda. Francisco Moreno 136, Villa Gustavo A. Madero, Gustavo A. Madero, 07050 Ciudad de M\u00e9xico, CDMX\"\n\t\t\t><\/iframe>\n\t\t<\/div>\n\t\t\t\t\t\t<\/div>\n\t\t\t\t\t<\/div>\n\t\t\t\t<\/div>\n\t\t\t\t<\/div>\n\t\t","protected":false},"excerpt":{"rendered":"<p>En el Preescolar del Colegio Mar\u00eda Curie de M\u00e9xico, acompa\u00f1amos a nuestros peque\u00f1os desde sus primeros pasos con ternura, curiosidad y un coraz\u00f3n abierto a Dios. Aqu\u00ed cultivamos su asombro por el mundo, fortalecemos su capacidad de amar y respetar, y les ense\u00f1amos a descubrir que cada d\u00eda puede ser una aventura de aprendizaje y&hellip; <br \/> <a class=\"button small blue\" href=\"https:\/\/colegiomariacurie.com.mx\/?page_id=21\">Read more<\/a><\/p>\n","protected":false},"author":1,"featured_media":26,"parent":0,"menu_order":0,"comment_status":"closed","ping_status":"closed","template":"","meta":{"footnotes":""},"class_list":["post-21","page","type-page","status-publish","has-post-thumbnail","hentry"],"_links":{"self":[{"href":"https:\/\/colegiomariacurie.com.mx\/index.php?rest_route=\/wp\/v2\/pages\/21","targetHints":{"allow":["GET"]}}],"collection":[{"href":"https:\/\/colegiomariacurie.com.mx\/index.php?rest_route=\/wp\/v2\/pages"}],"about":[{"href":"https:\/\/colegiomariacurie.com.mx\/index.php?rest_route=\/wp\/v2\/types\/page"}],"author":[{"embeddable":true,"href":"https:\/\/colegiomariacurie.com.mx\/index.php?rest_route=\/wp\/v2\/users\/1"}],"replies":[{"embeddable":true,"href":"https:\/\/colegiomariacurie.com.mx\/index.php?rest_route=%2Fwp%2Fv2%2Fcomments&post=21"}],"version-history":[{"count":11,"href":"https:\/\/colegiomariacurie.com.mx\/index.php?rest_route=\/wp\/v2\/pages\/21\/revisions"}],"predecessor-version":[{"id":252,"href":"https:\/\/colegiomariacurie.com.mx\/index.php?rest_route=\/wp\/v2\/pages\/21\/revisions\/252"}],"wp:featuredmedia":[{"embeddable":true,"href":"https:\/\/colegiomariacurie.com.mx\/index.php?rest_route=\/wp\/v2\/media\/26"}],"wp:attachment":[{"href":"https:\/\/colegiomariacurie.com.mx\/index.php?rest_route=%2Fwp%2Fv2%2Fmedia&parent=21"}],"curies":[{"name":"wp","href":"https:\/\/api.w.org\/{rel}","templated":true}]}}